{"id":17,"date":"2025-11-11T23:16:01","date_gmt":"2025-11-11T23:16:01","guid":{"rendered":"https:\/\/papayawhip-lobster-367168.hostingersite.com\/gallery\/"},"modified":"2025-12-18T01:37:12","modified_gmt":"2025-12-18T01:37:12","slug":"galeria","status":"publish","type":"page","link":"https:\/\/hairmoniafodraszat.com\/?page_id=17","title":{"rendered":"Gal\u00e9ria"},"content":{"rendered":"\t\t<div data-elementor-type=\"wp-page\" data-elementor-id=\"17\" class=\"elementor elementor-17\" data-elementor-post-type=\"page\">\n\t\t\t\t<div class=\"elementor-element elementor-element-5792d81 e-con-full hm-hero e-flex e-con e-parent\" data-id=\"5792d81\" data-element_type=\"container\" data-settings=\"{&quot;position&quot;:&quot;absolute&quot;}\">\n\t\t<div class=\"elementor-element elementor-element-ea3ac8e hm-hero__overlay e-flex e-con-boxed e-con e-child\" data-id=\"ea3ac8e\" data-element_type=\"container\">\n\t\t\t\t\t<div class=\"e-con-inner\">\n\t\t\t\t<div class=\"elementor-element elementor-element-9ebd448 elementor-widget elementor-widget-heading\" data-id=\"9ebd448\" data-element_type=\"widget\" data-widget_type=\"heading.default\">\n\t\t\t\t\t<h2 class=\"elementor-heading-title elementor-size-default\">Add meg itt a c\u00edmsor sz\u00f6veg\u00e9t<\/h2>\t\t\t\t<\/div>\n\t\t\t\t<div class=\"elementor-element elementor-element-1e1bfd3 elementor-widget elementor-widget-text-editor\" data-id=\"1e1bfd3\" data-element_type=\"widget\" data-widget_type=\"text-editor.default\">\n\t\t\t\t\t\t\t\t\t<p>Lorem ipsum dolor sit amet, consectetur adipiscing elit. Ut elit tellus, luctus nec ullamcorper mattis, pulvinar dapibus leo.<\/p>\t\t\t\t\t\t\t\t<\/div>\n\t\t\t\t<div class=\"elementor-element elementor-element-22eedfa elementor-widget elementor-widget-button\" data-id=\"22eedfa\" data-element_type=\"widget\" data-widget_type=\"button.default\">\n\t\t\t\t\t\t\t\t\t\t<a class=\"elementor-button elementor-button-link elementor-size-sm\" href=\"#\">\n\t\t\t\t\t\t<span class=\"elementor-button-content-wrapper\">\n\t\t\t\t\t\t\t\t\t<span class=\"elementor-button-text\">Kattints ide<\/span>\n\t\t\t\t\t<\/span>\n\t\t\t\t\t<\/a>\n\t\t\t\t\t\t\t\t<\/div>\n\t\t\t\t\t<\/div>\n\t\t\t\t<\/div>\n\t\t\t\t<div class=\"elementor-element elementor-element-00787c2 elementor-widget elementor-widget-html\" data-id=\"00787c2\" data-element_type=\"widget\" data-widget_type=\"html.default\">\n\t\t\t\t\t<video class=\"hm-hero__video\" id=\"hmHeroVid\"\r\n  preload=\"auto\" playsinline muted\r\n  poster=\"\/wp-content\/uploads\/hairmonia-hero-poster.webp\">\r\n  <source src=\"https:\/\/hairmoniafodraszat.com\/wp-content\/uploads\/2025\/12\/Nevtelen-video-\u2013-A-Clipchamppel-keszult-2.mp4\">\r\n<\/video>\r\n<script src=\"https:\/\/cdn.jsdelivr.net\/npm\/gsap@3\/dist\/gsap.min.js\"><\/script>\r\n<script src=\"https:\/\/cdn.jsdelivr.net\/npm\/gsap@3\/dist\/ScrollTrigger.min.js\"><\/script>\r\n\r\n<script>\r\ndocument.addEventListener(\"DOMContentLoaded\", () => {\r\n  gsap.registerPlugin(ScrollTrigger);\r\n\r\n  const video = document.querySelector(\"#hmHeroVid\");\r\n  const hero  = document.querySelector(\".hm-hero\");\r\n  if (!video || !hero) return;\r\n\r\n  \/\/ iOS\/mobil \"prime\"\r\n  const prime = () => {\r\n    video.play().then(() => video.pause()).catch(() => {});\r\n  };\r\n  window.addEventListener(\"touchstart\", prime, { once: true });\r\n  window.addEventListener(\"mousedown\", prime, { once: true });\r\n\r\n  const clamp = (v, min, max) => Math.min(Math.max(v, min), max);\r\n\r\n  video.addEventListener(\"loadedmetadata\", () => {\r\n    const duration = video.duration || 3.82;\r\n\r\n    ScrollTrigger.create({\r\n      trigger: hero,\r\n      start: \"top top\",\r\n      end: \"top+=110% top\",   \/\/ 3.82s-hez: Apple-ritmus\r\n      scrub: 0.14,            \/\/ sim\u00edt\u00e1s\r\n      pin: true,\r\n      anticipatePin: 1,\r\n      onUpdate: (self) => {\r\n        video.currentTime = clamp(self.progress * duration, 0, duration);\r\n      }\r\n    });\r\n  });\r\n});\r\n<\/script>\r\n\t\t\t\t<\/div>\n\t\t\t\t<\/div>\n\t\t\t\t<\/div>\n\t\t","protected":false},"excerpt":{"rendered":"<p>Add meg itt a c\u00edmsor sz\u00f6veg\u00e9t Lorem ipsum dolor sit amet, consectetur adipiscing elit. Ut elit tellus, luctus nec ullamcorper mattis, pulvinar dapibus leo. Kattints ide<\/p>\n","protected":false},"author":1,"featured_media":0,"parent":0,"menu_order":0,"comment_status":"closed","ping_status":"closed","template":"elementor_canvas","meta":{"footnotes":""},"class_list":["post-17","page","type-page","status-publish","hentry"],"_hostinger_reach_plugin_has_subscription_block":false,"_hostinger_reach_plugin_is_elementor":false,"_links":{"self":[{"href":"https:\/\/hairmoniafodraszat.com\/index.php?rest_route=\/wp\/v2\/pages\/17","targetHints":{"allow":["GET"]}}],"collection":[{"href":"https:\/\/hairmoniafodraszat.com\/index.php?rest_route=\/wp\/v2\/pages"}],"about":[{"href":"https:\/\/hairmoniafodraszat.com\/index.php?rest_route=\/wp\/v2\/types\/page"}],"author":[{"embeddable":true,"href":"https:\/\/hairmoniafodraszat.com\/index.php?rest_route=\/wp\/v2\/users\/1"}],"replies":[{"embeddable":true,"href":"https:\/\/hairmoniafodraszat.com\/index.php?rest_route=%2Fwp%2Fv2%2Fcomments&post=17"}],"version-history":[{"count":7,"href":"https:\/\/hairmoniafodraszat.com\/index.php?rest_route=\/wp\/v2\/pages\/17\/revisions"}],"predecessor-version":[{"id":335,"href":"https:\/\/hairmoniafodraszat.com\/index.php?rest_route=\/wp\/v2\/pages\/17\/revisions\/335"}],"wp:attachment":[{"href":"https:\/\/hairmoniafodraszat.com\/index.php?rest_route=%2Fwp%2Fv2%2Fmedia&parent=17"}],"curies":[{"name":"wp","href":"https:\/\/api.w.org\/{rel}","templated":true}]}}